{"id":723,"date":"2024-08-21T20:37:28","date_gmt":"2024-08-21T20:37:28","guid":{"rendered":"https:\/\/www.fisoluciones.com\/?page_id=723"},"modified":"2025-08-08T09:48:52","modified_gmt":"2025-08-08T14:48:52","slug":"equipos-de-networking","status":"publish","type":"page","link":"https:\/\/www.fisoluciones.com\/?page_id=723","title":{"rendered":"Equipos de Networking"},"content":{"rendered":"\t\t<div data-elementor-type=\"wp-page\" data-elementor-id=\"723\" class=\"elementor elementor-723\" data-elementor-post-type=\"page\">\n\t\t\t\t\t\t<section class=\"elementor-section elementor-top-section elementor-element elementor-element-950f25d elementor-section-boxed elementor-section-height-default elementor-section-height-default\" data-id=\"950f25d\" data-element_type=\"section\" data-settings=\"{&quot;background_background&quot;:&quot;classic&quot;,&quot;ekit_has_onepagescroll_dot&quot;:&quot;yes&quot;}\">\n\t\t\t\t\t\t<div class=\"elementor-container elementor-column-gap-default\">\n\t\t\t\t\t<div class=\"elementor-column elementor-col-50 elementor-top-column elementor-element elementor-element-611794a\" data-id=\"611794a\" data-element_type=\"column\">\n\t\t\t<div class=\"elementor-widget-wrap elementor-element-populated\">\n\t\t\t\t\t\t<div class=\"elementor-element elementor-element-3e64c19 elementor-invisible elementor-widget elementor-widget-heading\" data-id=\"3e64c19\" data-element_type=\"widget\" data-settings=\"{&quot;_animation&quot;:&quot;fadeInUp&quot;,&quot;_animation_delay&quot;:200,&quot;ekit_we_effect_on&quot;:&quot;none&quot;}\" data-widget_type=\"heading.default\">\n\t\t\t\t<div class=\"elementor-widget-container\">\n\t\t\t\t\t<h1 class=\"elementor-heading-title elementor-size-default\">Equipos de <br> Networking<\/h1>\t\t\t\t<\/div>\n\t\t\t\t<\/div>\n\t\t\t\t<div class=\"elementor-element elementor-element-a6306ff elementor-invisible elementor-widget elementor-widget-text-editor\" data-id=\"a6306ff\" data-element_type=\"widget\" data-settings=\"{&quot;_animation&quot;:&quot;fadeInUp&quot;,&quot;_animation_delay&quot;:600,&quot;ekit_we_effect_on&quot;:&quot;none&quot;}\" data-widget_type=\"text-editor.default\">\n\t\t\t\t<div class=\"elementor-widget-container\">\n\t\t\t\t\t\t\t\t\t<div class=\"provider-container\" data-view-id=\"mCi9WtQW6m4CBHnzHI56_\"><div class=\"router-container\" data-genially-name=\"genially\"><div class=\"pre-container\"><div class=\"genially-view-route genially-view-route-hidden-vscroll genially-view-route-hidden-hscroll\"><section id=\"zoom-wrapper-b9b9e3c2-da26-4b55-87b1-d3dd61462819\" class=\"pt-slide-current notransition-in\"><div class=\"genially-view-sketch-field-slide-container\"><div><div class=\"sc-cqJhZP gvSkxQ\"><div class=\"genially-view-slide-container\" role=\"dialog\" data-genially-unsafe-slide=\"false\" data-cy=\"slidePopup-9c02f46b-a719-4f9f-b453-483ec44eea8e\" aria-modal=\"true\" aria-label=\"Element window\"><div id=\"9c02f46b-a719-4f9f-b453-483ec44eea8e\" class=\"genially-view-slide\" role=\"document\"><div class=\"genially-view-slide-wrapper-transform\"><div id=\"genially-animated-c75574c8-7f7c-4618-ab80-c20af35c4a6f\" class=\"genially-animated-wrapper\" data-initial-left=\"585.6079361133544px\" data-initial-top=\"167.62510090489536px\" data-item-id=\"c75574c8-7f7c-4618-ab80-c20af35c4a6f\"><div id=\"c75574c8-7f7c-4618-ab80-c20af35c4a6f\" class=\"genially-view-item genially-view-text interparagraph_medium genially-view-text-indent-list-v4 genially-view-text-indent-paragraph-v5\" data-cy=\"textItemView\" data-genially-id=\"668bf3fdfdbf100014425799\" data-noddus-item-name=\"Solucion...\"><div><strong>Soluciones integrales en equipos<\/strong><\/div><div><strong>para la conexi\u00f3n de dispositivos que<\/strong><\/div><div><strong>facilitan el Acceso a Internet\u00a0<\/strong><\/div><div>\u00a0<\/div><div><ul><li>Switches Capa 2 \/ 3\u00a0 Routers\u00a0<\/li><li>SFP \u00d3pticos y El\u00e9ctricos<\/li><li>Conversores de Medio<\/li><li>Access Point<\/li><li>Antenas para Enlaces Inal\u00e1mbricos<\/li><\/ul><\/div><\/div><\/div><div id=\"genially-animated-10533d34-32a4-4db4-986d-a7a2870b7233\" class=\"genially-animated-wrapper\" data-initial-left=\"172.5px\" data-initial-top=\"88px\" data-item-id=\"10533d34-32a4-4db4-986d-a7a2870b7233\"><div class=\"genially-view-svg-container\"><div id=\"10533d34-32a4-4db4-986d-a7a2870b7233\" class=\"genially-view-item genially-view-svg\" data-genially-id=\"668bf3fdfdbf100014425799\" data-noddus-item-name=\"SVG\" data-cy=\"svgItemView\"><div class=\"rounded-shading-rectangle-form\">\u00a0<\/div><\/div><\/div><\/div><\/div><\/div><\/div><\/div><div><div class=\"genially-view-arrow-right\">\u00a0<\/div><\/div><\/div><\/div><\/section><\/div><\/div><div class=\"genially-view-out-rich-contents\">\u00a0<\/div><div class=\"Wrapper-sc-18mjjp9 hGBvHg\"><div class=\"ToastsWrapper-sc-ymf1mi eIEsEa StyledToasts-sc-1xevnth hgmKgK\" aria-live=\"assertive\">\u00a0<\/div><\/div><\/div><\/div>\t\t\t\t\t\t\t\t<\/div>\n\t\t\t\t<\/div>\n\t\t\t\t\t<\/div>\n\t\t<\/div>\n\t\t\t\t<div class=\"elementor-column elementor-col-50 elementor-top-column elementor-element elementor-element-d26bb71\" data-id=\"d26bb71\" data-element_type=\"column\" data-settings=\"{&quot;background_background&quot;:&quot;classic&quot;}\">\n\t\t\t<div class=\"elementor-widget-wrap elementor-element-populated\">\n\t\t\t\t\t\t<div class=\"elementor-element elementor-element-27efcd4 elementor-widget elementor-widget-image\" data-id=\"27efcd4\" data-element_type=\"widget\" data-settings=\"{&quot;ekit_we_effect_on&quot;:&quot;none&quot;}\" data-widget_type=\"image.default\">\n\t\t\t\t<div class=\"elementor-widget-container\">\n\t\t\t\t\t\t\t\t\t\t\t\t\t\t\t<img fetchpriority=\"high\" decoding=\"async\" width=\"800\" height=\"800\" src=\"https:\/\/www.fisoluciones.com\/wp-content\/uploads\/2024\/09\/Untitled-design-13.png\" class=\"attachment-large size-large wp-image-1289\" alt=\"\" srcset=\"https:\/\/www.fisoluciones.com\/wp-content\/uploads\/2024\/09\/Untitled-design-13.png 800w, https:\/\/www.fisoluciones.com\/wp-content\/uploads\/2024\/09\/Untitled-design-13-300x300.png 300w, https:\/\/www.fisoluciones.com\/wp-content\/uploads\/2024\/09\/Untitled-design-13-150x150.png 150w, https:\/\/www.fisoluciones.com\/wp-content\/uploads\/2024\/09\/Untitled-design-13-768x768.png 768w, https:\/\/www.fisoluciones.com\/wp-content\/uploads\/2024\/09\/Untitled-design-13-12x12.png 12w\" sizes=\"(max-width: 800px) 100vw, 800px\" \/>\t\t\t\t\t\t\t\t\t\t\t\t\t\t\t<\/div>\n\t\t\t\t<\/div>\n\t\t\t\t\t<\/div>\n\t\t<\/div>\n\t\t\t\t\t<\/div>\n\t\t<\/section>\n\t\t\t\t<section class=\"elementor-section elementor-top-section elementor-element elementor-element-8a090f8 elementor-section-boxed elementor-section-height-default elementor-section-height-default\" data-id=\"8a090f8\" data-element_type=\"section\" data-settings=\"{&quot;ekit_has_onepagescroll_dot&quot;:&quot;yes&quot;}\">\n\t\t\t\t\t\t<div class=\"elementor-container elementor-column-gap-default\">\n\t\t\t\t\t<div class=\"elementor-column elementor-col-50 elementor-top-column elementor-element elementor-element-f63756c\" data-id=\"f63756c\" data-element_type=\"column\">\n\t\t\t<div class=\"elementor-widget-wrap elementor-element-populated\">\n\t\t\t\t\t\t<div class=\"elementor-element elementor-element-7f28960 elementor-invisible elementor-widget elementor-widget-heading\" data-id=\"7f28960\" data-element_type=\"widget\" data-settings=\"{&quot;_animation&quot;:&quot;fadeInUp&quot;,&quot;_animation_delay&quot;:200,&quot;ekit_we_effect_on&quot;:&quot;none&quot;}\" data-widget_type=\"heading.default\">\n\t\t\t\t<div class=\"elementor-widget-container\">\n\t\t\t\t\t<h2 class=\"elementor-heading-title elementor-size-default\">\u00bfTe interesa?<\/h2>\t\t\t\t<\/div>\n\t\t\t\t<\/div>\n\t\t\t\t<div class=\"elementor-element elementor-element-afbf144 elementor-button-align-stretch elementor-widget elementor-widget-form\" data-id=\"afbf144\" data-element_type=\"widget\" data-settings=\"{&quot;step_next_label&quot;:&quot;Next&quot;,&quot;step_previous_label&quot;:&quot;Previous&quot;,&quot;button_width&quot;:&quot;100&quot;,&quot;step_type&quot;:&quot;number_text&quot;,&quot;step_icon_shape&quot;:&quot;circle&quot;,&quot;ekit_we_effect_on&quot;:&quot;none&quot;}\" data-widget_type=\"form.default\">\n\t\t\t\t<div class=\"elementor-widget-container\">\n\t\t\t\t\t\t\t<form class=\"elementor-form\" method=\"post\" name=\"New Form\" aria-label=\"New Form\">\r\n\t\t\t<input type=\"hidden\" name=\"post_id\" value=\"723\"\/>\r\n\t\t\t<input type=\"hidden\" name=\"form_id\" value=\"afbf144\"\/>\r\n\t\t\t<input type=\"hidden\" name=\"referer_title\" value=\"Equipos de Networking - Fisoluciones.com\" \/>\r\n\r\n\t\t\t\t\t\t\t<input type=\"hidden\" name=\"queried_id\" value=\"723\"\/>\r\n\t\t\t\r\n\t\t\t<div class=\"elementor-form-fields-wrapper elementor-labels-above\">\r\n\t\t\t\t\t\t\t\t<div class=\"elementor-field-type-text elementor-field-group elementor-column elementor-field-group-name elementor-col-100\">\r\n\t\t\t\t\t\t\t\t\t\t\t\t<label for=\"form-field-name\" class=\"elementor-field-label\">\r\n\t\t\t\t\t\t\t\tNombres\t\t\t\t\t\t\t<\/label>\r\n\t\t\t\t\t\t\t\t\t\t\t\t\t\t<input size=\"1\" type=\"text\" name=\"form_fields[name]\" id=\"form-field-name\" class=\"elementor-field elementor-size-sm  elementor-field-textual\">\r\n\t\t\t\t\t\t\t\t\t\t\t<\/div>\r\n\t\t\t\t\t\t\t\t<div class=\"elementor-field-type-email elementor-field-group elementor-column elementor-field-group-email elementor-col-100 elementor-field-required\">\r\n\t\t\t\t\t\t\t\t\t\t\t\t<label for=\"form-field-email\" class=\"elementor-field-label\">\r\n\t\t\t\t\t\t\t\tCorreo\t\t\t\t\t\t\t<\/label>\r\n\t\t\t\t\t\t\t\t\t\t\t\t\t\t<input size=\"1\" type=\"email\" name=\"form_fields[email]\" id=\"form-field-email\" class=\"elementor-field elementor-size-sm  elementor-field-textual\" required=\"required\">\r\n\t\t\t\t\t\t\t\t\t\t\t<\/div>\r\n\t\t\t\t\t\t\t\t<div class=\"elementor-field-type-textarea elementor-field-group elementor-column elementor-field-group-message elementor-col-100\">\r\n\t\t\t\t\t\t\t\t\t\t\t\t<label for=\"form-field-message\" class=\"elementor-field-label\">\r\n\t\t\t\t\t\t\t\tMensaje\t\t\t\t\t\t\t<\/label>\r\n\t\t\t\t\t\t<textarea class=\"elementor-field-textual elementor-field  elementor-size-sm\" name=\"form_fields[message]\" id=\"form-field-message\" rows=\"4\"><\/textarea>\t\t\t\t<\/div>\r\n\t\t\t\t\t\t\t\t<div class=\"elementor-field-type-recaptcha_v3 elementor-field-group elementor-column elementor-field-group-field_439c4d3 elementor-col-100 recaptcha_v3-inline\">\r\n\t\t\t\t\t<div class=\"elementor-field\" id=\"form-field-field_439c4d3\"><div class=\"elementor-g-recaptcha\" data-sitekey=\"6LdT14IqAAAAAHUvrvtC01E2XuIeYzEOS84wGh2J\" data-type=\"v3\" data-action=\"Form\" data-badge=\"inline\" data-size=\"invisible\"><\/div><\/div>\t\t\t\t<\/div>\r\n\t\t\t\t\t\t\t\t<div class=\"elementor-field-group elementor-column elementor-field-type-submit elementor-col-100 e-form__buttons\">\r\n\t\t\t\t\t<button class=\"elementor-button elementor-size-sm\" type=\"submit\">\r\n\t\t\t\t\t\t<span class=\"elementor-button-content-wrapper\">\r\n\t\t\t\t\t\t\t\t\t\t\t\t\t\t\t\t\t\t\t\t\t\t<span class=\"elementor-button-text\">Enviar<\/span>\r\n\t\t\t\t\t\t\t\t\t\t\t\t\t<\/span>\r\n\t\t\t\t\t<\/button>\r\n\t\t\t\t<\/div>\r\n\t\t\t<\/div>\r\n\t\t<\/form>\r\n\t\t\t\t\t\t<\/div>\n\t\t\t\t<\/div>\n\t\t\t\t\t<\/div>\n\t\t<\/div>\n\t\t\t\t<div class=\"elementor-column elementor-col-50 elementor-top-column elementor-element elementor-element-5382630\" data-id=\"5382630\" data-element_type=\"column\" data-settings=\"{&quot;background_background&quot;:&quot;classic&quot;}\">\n\t\t\t<div class=\"elementor-widget-wrap elementor-element-populated\">\n\t\t\t\t\t<div class=\"elementor-background-overlay\"><\/div>\n\t\t\t\t\t\t<div class=\"elementor-element elementor-element-d1750c5 elementor-widget elementor-widget-spacer\" data-id=\"d1750c5\" data-element_type=\"widget\" data-settings=\"{&quot;ekit_we_effect_on&quot;:&quot;none&quot;}\" data-widget_type=\"spacer.default\">\n\t\t\t\t<div class=\"elementor-widget-container\">\n\t\t\t\t\t\t\t<div class=\"elementor-spacer\">\n\t\t\t<div class=\"elementor-spacer-inner\"><\/div>\n\t\t<\/div>\n\t\t\t\t\t\t<\/div>\n\t\t\t\t<\/div>\n\t\t\t\t<section class=\"elementor-section elementor-inner-section elementor-element elementor-element-3bad477 elementor-section-boxed elementor-section-height-default elementor-section-height-default\" data-id=\"3bad477\" data-element_type=\"section\" data-settings=\"{&quot;ekit_has_onepagescroll_dot&quot;:&quot;yes&quot;}\">\n\t\t\t\t\t\t<div class=\"elementor-container elementor-column-gap-default\">\n\t\t\t\t\t<div class=\"elementor-column elementor-col-50 elementor-inner-column elementor-element elementor-element-dfa3686\" data-id=\"dfa3686\" data-element_type=\"column\">\n\t\t\t<div class=\"elementor-widget-wrap\">\n\t\t\t\t\t\t\t<\/div>\n\t\t<\/div>\n\t\t\t\t<div class=\"elementor-column elementor-col-50 elementor-inner-column elementor-element elementor-element-4694c54\" data-id=\"4694c54\" data-element_type=\"column\">\n\t\t\t<div class=\"elementor-widget-wrap elementor-element-populated\">\n\t\t\t\t\t\t<div class=\"elementor-element elementor-element-8babde2 elementor-invisible elementor-widget elementor-widget-image-box\" data-id=\"8babde2\" data-element_type=\"widget\" data-settings=\"{&quot;_animation&quot;:&quot;fadeInUp&quot;,&quot;_animation_delay&quot;:200,&quot;ekit_we_effect_on&quot;:&quot;none&quot;}\" data-widget_type=\"image-box.default\">\n\t\t\t\t<div class=\"elementor-widget-container\">\n\t\t\t\t\t<div class=\"elementor-image-box-wrapper\"><div class=\"elementor-image-box-content\"><h3 class=\"elementor-image-box-title\">Ll\u00e1manos Hoy<\/h3><p class=\"elementor-image-box-description\"> +593 98 729 0337<\/p><\/div><\/div>\t\t\t\t<\/div>\n\t\t\t\t<\/div>\n\t\t\t\t\t<\/div>\n\t\t<\/div>\n\t\t\t\t\t<\/div>\n\t\t<\/section>\n\t\t\t\t\t<\/div>\n\t\t<\/div>\n\t\t\t\t\t<\/div>\n\t\t<\/section>\n\t\t\t\t<\/div>\n\t\t","protected":false},"excerpt":{"rendered":"<p>Equipos de Networking Soluciones integrales en equipospara la conexi\u00f3n de dispositivos quefacilitan el Acceso a Internet\u00a0\u00a0 Switches Capa 2 \/ 3\u00a0 Routers\u00a0 SFP \u00d3pticos y El\u00e9ctricos Conversores de Medio Access Point Antenas para Enlaces Inal\u00e1mbricos \u00a0\u00a0 \u00a0\u00a0 \u00bfTe interesa? Ll\u00e1manos Hoy +593 98 729 0337<\/p>\n","protected":false},"author":1,"featured_media":0,"parent":0,"menu_order":0,"comment_status":"closed","ping_status":"closed","template":"","meta":{"inline_featured_image":false,"_joinchat":[],"footnotes":""},"class_list":["post-723","page","type-page","status-publish","hentry"],"yoast_head":"<!-- This site is optimized with the Yoast SEO Premium plugin v23.2 (Yoast SEO v23.7) - https:\/\/yoast.com\/wordpress\/plugins\/seo\/ -->\n<title>Equipos de Networking - Fisoluciones.com<\/title>\n<meta name=\"robots\" content=\"index, follow, max-snippet:-1, max-image-preview:large, max-video-preview:-1\" \/>\n<link rel=\"canonical\" href=\"https:\/\/www.fisoluciones.com\/?page_id=723\" \/>\n<meta property=\"og:locale\" content=\"es_ES\" \/>\n<meta property=\"og:type\" content=\"article\" \/>\n<meta property=\"og:title\" content=\"Equipos de Networking\" \/>\n<meta property=\"og:description\" content=\"Equipos de Networking Soluciones integrales en equipospara la conexi\u00f3n de dispositivos quefacilitan el Acceso a Internet\u00a0\u00a0 Switches Capa 2 \/ 3\u00a0 Routers\u00a0 SFP \u00d3pticos y El\u00e9ctricos Conversores de Medio Access Point Antenas para Enlaces Inal\u00e1mbricos \u00a0\u00a0 \u00a0\u00a0 \u00bfTe interesa? Ll\u00e1manos Hoy +593 98 729 0337\" \/>\n<meta property=\"og:url\" content=\"https:\/\/www.fisoluciones.com\/?page_id=723\" \/>\n<meta property=\"og:site_name\" content=\"Fisoluciones.com\" \/>\n<meta property=\"article:modified_time\" content=\"2025-08-08T14:48:52+00:00\" \/>\n<meta property=\"og:image\" content=\"https:\/\/www.fisoluciones.com\/wp-content\/uploads\/2024\/09\/Untitled-design-13.png\" \/>\n<meta name=\"twitter:card\" content=\"summary_large_image\" \/>\n<meta name=\"twitter:label1\" content=\"Tiempo de lectura\" \/>\n\t<meta name=\"twitter:data1\" content=\"1 minuto\" \/>\n<script type=\"application\/ld+json\" class=\"yoast-schema-graph\">{\"@context\":\"https:\/\/schema.org\",\"@graph\":[{\"@type\":\"WebPage\",\"@id\":\"https:\/\/www.fisoluciones.com\/?page_id=723\",\"url\":\"https:\/\/www.fisoluciones.com\/?page_id=723\",\"name\":\"Equipos de Networking - Fisoluciones.com\",\"isPartOf\":{\"@id\":\"https:\/\/www.fisoluciones.com\/#website\"},\"primaryImageOfPage\":{\"@id\":\"https:\/\/www.fisoluciones.com\/?page_id=723#primaryimage\"},\"image\":{\"@id\":\"https:\/\/www.fisoluciones.com\/?page_id=723#primaryimage\"},\"thumbnailUrl\":\"https:\/\/www.fisoluciones.com\/wp-content\/uploads\/2024\/09\/Untitled-design-13.png\",\"datePublished\":\"2024-08-21T20:37:28+00:00\",\"dateModified\":\"2025-08-08T14:48:52+00:00\",\"breadcrumb\":{\"@id\":\"https:\/\/www.fisoluciones.com\/?page_id=723#breadcrumb\"},\"inLanguage\":\"es\",\"potentialAction\":[{\"@type\":\"ReadAction\",\"target\":[\"https:\/\/www.fisoluciones.com\/?page_id=723\"]}]},{\"@type\":\"ImageObject\",\"inLanguage\":\"es\",\"@id\":\"https:\/\/www.fisoluciones.com\/?page_id=723#primaryimage\",\"url\":\"https:\/\/www.fisoluciones.com\/wp-content\/uploads\/2024\/09\/Untitled-design-13.png\",\"contentUrl\":\"https:\/\/www.fisoluciones.com\/wp-content\/uploads\/2024\/09\/Untitled-design-13.png\",\"width\":800,\"height\":800},{\"@type\":\"BreadcrumbList\",\"@id\":\"https:\/\/www.fisoluciones.com\/?page_id=723#breadcrumb\",\"itemListElement\":[{\"@type\":\"ListItem\",\"position\":1,\"name\":\"Portada\",\"item\":\"https:\/\/www.fisoluciones.com\/\"},{\"@type\":\"ListItem\",\"position\":2,\"name\":\"Equipos de Networking\"}]},{\"@type\":\"WebSite\",\"@id\":\"https:\/\/www.fisoluciones.com\/#website\",\"url\":\"https:\/\/www.fisoluciones.com\/\",\"name\":\"Fisoluciones.com\",\"description\":\"Junto a ti para innovar - Solucionar - Proveer infraestructura que conecta tu mundo.\",\"publisher\":{\"@id\":\"https:\/\/www.fisoluciones.com\/#organization\"},\"potentialAction\":[{\"@type\":\"SearchAction\",\"target\":{\"@type\":\"EntryPoint\",\"urlTemplate\":\"https:\/\/www.fisoluciones.com\/?s={search_term_string}\"},\"query-input\":{\"@type\":\"PropertyValueSpecification\",\"valueRequired\":true,\"valueName\":\"search_term_string\"}}],\"inLanguage\":\"es\"},{\"@type\":\"Organization\",\"@id\":\"https:\/\/www.fisoluciones.com\/#organization\",\"name\":\"Fisoluciones.com\",\"url\":\"https:\/\/www.fisoluciones.com\/\",\"logo\":{\"@type\":\"ImageObject\",\"inLanguage\":\"es\",\"@id\":\"https:\/\/www.fisoluciones.com\/#\/schema\/logo\/image\/\",\"url\":\"https:\/\/www.fisoluciones.com\/wp-content\/uploads\/2024\/08\/logo_grupo-empresarial-03.png\",\"contentUrl\":\"https:\/\/www.fisoluciones.com\/wp-content\/uploads\/2024\/08\/logo_grupo-empresarial-03.png\",\"width\":2525,\"height\":849,\"caption\":\"Fisoluciones.com\"},\"image\":{\"@id\":\"https:\/\/www.fisoluciones.com\/#\/schema\/logo\/image\/\"}}]}<\/script>\n<!-- \/ Yoast SEO Premium plugin. -->","yoast_head_json":{"title":"Equipos de Networking - Fisoluciones.com","robots":{"index":"index","follow":"follow","max-snippet":"max-snippet:-1","max-image-preview":"max-image-preview:large","max-video-preview":"max-video-preview:-1"},"canonical":"https:\/\/www.fisoluciones.com\/?page_id=723","og_locale":"es_ES","og_type":"article","og_title":"Equipos de Networking","og_description":"Equipos de Networking Soluciones integrales en equipospara la conexi\u00f3n de dispositivos quefacilitan el Acceso a Internet\u00a0\u00a0 Switches Capa 2 \/ 3\u00a0 Routers\u00a0 SFP \u00d3pticos y El\u00e9ctricos Conversores de Medio Access Point Antenas para Enlaces Inal\u00e1mbricos \u00a0\u00a0 \u00a0\u00a0 \u00bfTe interesa? Ll\u00e1manos Hoy +593 98 729 0337","og_url":"https:\/\/www.fisoluciones.com\/?page_id=723","og_site_name":"Fisoluciones.com","article_modified_time":"2025-08-08T14:48:52+00:00","og_image":[{"url":"https:\/\/www.fisoluciones.com\/wp-content\/uploads\/2024\/09\/Untitled-design-13.png"}],"twitter_card":"summary_large_image","twitter_misc":{"Tiempo de lectura":"1 minuto"},"schema":{"@context":"https:\/\/schema.org","@graph":[{"@type":"WebPage","@id":"https:\/\/www.fisoluciones.com\/?page_id=723","url":"https:\/\/www.fisoluciones.com\/?page_id=723","name":"Equipos de Networking - Fisoluciones.com","isPartOf":{"@id":"https:\/\/www.fisoluciones.com\/#website"},"primaryImageOfPage":{"@id":"https:\/\/www.fisoluciones.com\/?page_id=723#primaryimage"},"image":{"@id":"https:\/\/www.fisoluciones.com\/?page_id=723#primaryimage"},"thumbnailUrl":"https:\/\/www.fisoluciones.com\/wp-content\/uploads\/2024\/09\/Untitled-design-13.png","datePublished":"2024-08-21T20:37:28+00:00","dateModified":"2025-08-08T14:48:52+00:00","breadcrumb":{"@id":"https:\/\/www.fisoluciones.com\/?page_id=723#breadcrumb"},"inLanguage":"es","potentialAction":[{"@type":"ReadAction","target":["https:\/\/www.fisoluciones.com\/?page_id=723"]}]},{"@type":"ImageObject","inLanguage":"es","@id":"https:\/\/www.fisoluciones.com\/?page_id=723#primaryimage","url":"https:\/\/www.fisoluciones.com\/wp-content\/uploads\/2024\/09\/Untitled-design-13.png","contentUrl":"https:\/\/www.fisoluciones.com\/wp-content\/uploads\/2024\/09\/Untitled-design-13.png","width":800,"height":800},{"@type":"BreadcrumbList","@id":"https:\/\/www.fisoluciones.com\/?page_id=723#breadcrumb","itemListElement":[{"@type":"ListItem","position":1,"name":"Portada","item":"https:\/\/www.fisoluciones.com\/"},{"@type":"ListItem","position":2,"name":"Equipos de Networking"}]},{"@type":"WebSite","@id":"https:\/\/www.fisoluciones.com\/#website","url":"https:\/\/www.fisoluciones.com\/","name":"Fisoluciones.com","description":"Junto a ti para innovar - Solucionar - Proveer infraestructura que conecta tu mundo.","publisher":{"@id":"https:\/\/www.fisoluciones.com\/#organization"},"potentialAction":[{"@type":"SearchAction","target":{"@type":"EntryPoint","urlTemplate":"https:\/\/www.fisoluciones.com\/?s={search_term_string}"},"query-input":{"@type":"PropertyValueSpecification","valueRequired":true,"valueName":"search_term_string"}}],"inLanguage":"es"},{"@type":"Organization","@id":"https:\/\/www.fisoluciones.com\/#organization","name":"Fisoluciones.com","url":"https:\/\/www.fisoluciones.com\/","logo":{"@type":"ImageObject","inLanguage":"es","@id":"https:\/\/www.fisoluciones.com\/#\/schema\/logo\/image\/","url":"https:\/\/www.fisoluciones.com\/wp-content\/uploads\/2024\/08\/logo_grupo-empresarial-03.png","contentUrl":"https:\/\/www.fisoluciones.com\/wp-content\/uploads\/2024\/08\/logo_grupo-empresarial-03.png","width":2525,"height":849,"caption":"Fisoluciones.com"},"image":{"@id":"https:\/\/www.fisoluciones.com\/#\/schema\/logo\/image\/"}}]}},"_links":{"self":[{"href":"https:\/\/www.fisoluciones.com\/index.php?rest_route=\/wp\/v2\/pages\/723"}],"collection":[{"href":"https:\/\/www.fisoluciones.com\/index.php?rest_route=\/wp\/v2\/pages"}],"about":[{"href":"https:\/\/www.fisoluciones.com\/index.php?rest_route=\/wp\/v2\/types\/page"}],"author":[{"embeddable":true,"href":"https:\/\/www.fisoluciones.com\/index.php?rest_route=\/wp\/v2\/users\/1"}],"replies":[{"embeddable":true,"href":"https:\/\/www.fisoluciones.com\/index.php?rest_route=%2Fwp%2Fv2%2Fcomments&post=723"}],"version-history":[{"count":34,"href":"https:\/\/www.fisoluciones.com\/index.php?rest_route=\/wp\/v2\/pages\/723\/revisions"}],"predecessor-version":[{"id":2312,"href":"https:\/\/www.fisoluciones.com\/index.php?rest_route=\/wp\/v2\/pages\/723\/revisions\/2312"}],"wp:attachment":[{"href":"https:\/\/www.fisoluciones.com\/index.php?rest_route=%2Fwp%2Fv2%2Fmedia&parent=723"}],"curies":[{"name":"wp","href":"https:\/\/api.w.org\/{rel}","templated":true}]}}